{"id":610,"date":"2026-03-10T15:02:39","date_gmt":"2026-03-10T14:02:39","guid":{"rendered":"https:\/\/akris-group-dev.mediapilote-laval.fr\/legal-notices\/"},"modified":"2026-03-20T15:30:40","modified_gmt":"2026-03-20T14:30:40","slug":"legal-notices","status":"publish","type":"page","link":"https:\/\/akris-group-dev.mediapilote-laval.fr\/en\/legal-notices\/","title":{"rendered":"Legal notices"},"content":{"rendered":"<section class=\"page-header page-header--has-bg\" style=\"background: linear-gradient(8deg,#D2E3EB 12%,#D6C6E2 78%);\">\n\t<div class=\"page-header__inner\">\n\n\t\t\t\t\t<br \/>\n<b>Deprecated<\/b>:  ltrim(): Passing null to parameter #1 ($string) of type string is deprecated in <b>\/home\/dela2773\/public_html\/akris-group-dev\/wp-includes\/formatting.php<\/b> on line <b>4496<\/b><br \/>\n<p class=\"page-header__breadcrumb \"><span><span><a href=\"https:\/\/akris-group-dev.mediapilote-laval.fr\/en\/\">Akris Group<\/a><\/span><\/span><\/p>\t\t\n\t\t\t\t\t<h1 class=\"page-header__title\">Legal notices<\/h1>\n\t\t\n\t\t\t\t\t<div class=\"page-header__box\">\n\t\t\t\t\t\t\t\t\t\t\t\t\t<p class=\"\">These legal notices are provided in accordance with the French law for Confidence in the Digital Economy , known as LCEN ( law of June 21 , 2004 ).<\/p>\n\t\t\t\t\t\t\t<\/div>\n\t\t\n\t\t\n\t\t\n\t<\/div>\n<\/section>\n\n\n\n\n\n<div class=\"wp-block-group is-layout-constrained wp-block-group-is-layout-constrained\">\n<p><strong>Publication Director : <\/strong>Trevor HIRD <\/p>\n\n\n\n<p><strong>Company name :<\/strong><br>Akris Route de Cign\u00e9 \u2013 <br>Zone Industrielle 53300 AMBRIERES-LES-VALLEES, FRANCE <br><strong>T\u00e9l :<\/strong> +33 (0) 243 088 015 <br><strong>Fax : <\/strong>+33 (0) 243 049 674<\/p>\n\n\n\n<p>This website was developed by Mediapilote .<\/p>\n\n\n\n<h3 class=\"wp-block-heading\">Intellectual Property Rights<\/h3>\n\n\n\n<p>Akris informs users of this site that many of its elements : a ) are protected by copyright legislation ; this may include photographs , articles , drawings , animated sequences , etc . ; b ) and \/ or are protected by legislation on <strong>designs<\/strong> and <strong>models<\/strong> ; c ) are <strong>protected by trademark legislation .<\/strong> <\/p>\n\n\n\n<p>The elements thus protected are the property of Akris or of third parties having authorized their use . This site uses visual elements from : <\/p>\n\n\n\n<ul class=\"wp-block-list\">\n<li>Internal documents and documents created by Mediapilote for Akris .<\/li>\n<\/ul>\n\n\n\n<p>In this respect , any reproduction , representation , use , adaptation , modification , incorporation , translation , marketing , whether partial or total , by any process and on any medium whatsoever ( paper , digital , etc . ) , is prohibited without the prior written authorization of Akris , except for the exceptions referred to in Article L 122.5 of the Intellectual Property Code , under penalty of constituting an infringement of copyright and \/ or designs and models and \/ or trademarks , punishable by two years&#8217; imprisonment and a \u20ac 150,000 fine .<\/p>\n\n\n\n<h3 class=\"wp-block-heading\">Copyright \u2013 Rights to Designs and Models<sup><\/sup><sup><\/sup><\/h3>\n\n\n\n<p id=\"p-rc_d3b39a91f4d6b260-23\">This site constitutes a work of which Mediapilote Laval is the author within the meaning of articles L111.1 and following of the Intellectual Property Code . The said site was designed and developed by Mediapilote Laval . <sup><\/sup><sup><\/sup> Photographs , texts , slogans , drawings , images , animated sequences with or without sound , as well as all works integrated into the site are the property of Akris or of third parties having authorized their use . The reproduction , on paper or computer media , of the said site is authorized , provided that it is strictly reserved for personal use , excluding any use for advertising and \/ or commercial and \/ or information purposes , and that it complies with the provisions of Article L122-5 of the Intellectual Property Code . <\/p>\n\n\n\n<h3 class=\"wp-block-heading\">Product Information<\/h3>\n\n\n\n<p id=\"p-rc_d3b39a91f4d6b260-24\">The information and illustrations appearing on the pages of this website are based on the technical characteristics in effect at the time the site pages are published or updated . As part of a policy of constant improvement of its products and services , Akris may modify the characteristics of its offering at any time . The products and \/ or services presented on this site are those distributed in mainland France . They may vary from one country to another and may not be available in all countries of the world . In any event , the information contained on this site is of a general nature and has no contractual value .    <sup><\/sup><\/p>\n\n\n\n<h3 class=\"wp-block-heading\">Personal Data Protection<sup><\/sup><\/h3>\n\n\n\n<p id=\"p-rc_d3b39a91f4d6b260-25\">You can visit the site <a target=\"_blank\" rel=\"noreferrer noopener\" href=\"https:\/\/www.akris.com\">https:\/\/www.akris.com<\/a> without having to reveal your identity or any other personal information about yourself . The company is committed to respecting your privacy and protecting the information you have communicated . In particular , the personal data collected on the site<a target=\"_blank\" rel=\"noreferrer noopener\" href=\"https:\/\/www.akris.com\"> https:\/\/www.akris.com<\/a> is intended for the use of Akris and its subsidiaries . It is confidential and treated as such . Regarding the personal information that you may communicate to us , you have a right of access and rectification in accordance with the French &#8221; Data Protection &#8221; law n\u00b0 78-17 of January 6 , 1978 . You can exercise this right by contacting Akris . The collection of this information is necessary to respond to your requests for quotes and to send you , if you wish , an electronic newsletter . If you are subscribed to information services by email ( &#8221; newsletter &#8221; ) , you can request to no longer receive these emails .      <\/p>\n\n\n\n<p id=\"p-rc_d3b39a91f4d6b260-26\">We draw your attention to the fact that , in order to offer you products and services constantly adapted to your needs , certain non-personal information relating to your activity on this site will be collected automatically . This information is intended for Akris and may also be used in the context of commercial or marketing operations or serve as a basis for studies and analyses . This information will under no circumstances be communicated to third parties . Only Akris employees or agencies helping us manage these operations have access to the data . These agencies are required to respect the confidentiality of the information and to use it only for the specific operation for which they are requested .    <sup><\/sup><\/p>\n\n\n\n<h3 class=\"wp-block-heading\">Security<sup><\/sup><\/h3>\n\n\n\n<p id=\"p-rc_d3b39a91f4d6b260-27\">We take all necessary precautions to preserve the integrity and confidentiality of data and prevent any communication to unauthorized third parties .<\/p>\n\n\n\n<h3 class=\"wp-block-heading\">Hypertext Links<\/h3>\n\n\n\n<p>Setting up a hypertext link to the site <a target=\"_blank\" rel=\"noreferrer noopener\" href=\"https:\/\/www.akris.com\">https:\/\/www.akris.com<\/a> does not require prior written authorization from Akris . Nevertheless , Akris must be informed within a maximum period of 10 days after the link is set up . In any event , Akris cannot be held responsible for the content as well as the products or services offered on sites to which the site <a target=\"_blank\" rel=\"noreferrer noopener\" href=\"https:\/\/www.akris.com\">https:\/\/www.akris.com<\/a> may be linked by hypertext links or any other type of link .  <\/p>\n\n\n\n<h3 class=\"wp-block-heading\">Applicable Law<\/h3>\n\n\n\n<p>The website <a target=\"_blank\" rel=\"noreferrer noopener\" href=\"https:\/\/www.akris.com\">https : \/\/ www.akris.com<\/a> and these general terms and conditions are subject to French law and are written in French . Any dispute will fall under the exclusive jurisdiction of the competent courts of Laval . Akris reserves the right to modify these notices at any time . The user undertakes to consult them regularly .   <\/p>\n\n\n\n<h3 class=\"wp-block-heading\">Limitation of Liability<\/h3>\n\n\n\n<p>The use of the site <a target=\"_blank\" rel=\"noreferrer noopener\" href=\"https:\/\/www.akris.com\">https : \/\/ www.akris.com<\/a> is under your sole and full responsibility . Akris cannot be held responsible for direct or indirect damage such as , notably , material damage , loss of data or programs , or financial loss resulting from the use of this site or sites linked to it . <\/p>\n\n\n\n<h3 class=\"wp-block-heading\">Updates<\/h3>\n\n\n\n<p>Updates : Akris reserves the right to modify and update , without notice , these legal notices as well as all elements and products presented on the site . All of these modifications are binding on internet users who must consult these general terms and conditions at each connection . <\/p>\n\n\n\n<h3 class=\"wp-block-heading\">Monitoring of Statistical Data<\/h3>\n\n\n\n<p>We use connection data for our consultation statistics ( e.g . : browser type , number of visitors , sections visited ) in order to optimize our site in terms of sections and navigation , but this information is not transmitted to third parties .<\/p>\n\n\n\n<h3 class=\"wp-block-heading\">Reproduction on Paper Support<\/h3>\n\n\n\n<p>With the exception of iconography , the reproduction of the pages of this site on a paper support is authorized , subject to compliance with the following three conditions :<\/p>\n\n\n\n<ol start=\"1\" class=\"wp-block-list\">\n<li>Free distribution.<\/li>\n\n\n\n<li>Respect for the integrity of the reproduced documents (no modification or alteration of any kind).<\/li>\n\n\n\n<li>Citation explicite du site <a href=\"https:\/\/www.akris.com\" target=\"_blank\" rel=\"noreferrer noopener\">https:\/\/www.akris.com<\/a> comme source et mention que les droits de reproduction sont r\u00e9serv\u00e9s et strictement limit\u00e9s.<\/li>\n<\/ol>\n\n\n\n<h3 class=\"wp-block-heading\">Electronic Media Reproduction<\/h3>\n\n\n\n<p>Reproduction of all or part of this site on an electronic medium is authorized provided that the source (<a target=\"_blank\" rel=\"noreferrer noopener\" href=\"https:\/\/www.akris.com\">https:\/\/www.akris.com<\/a>) is added clearly and legibly and the mention &#8220;Rights Reserved&#8221; is included.<br>The information used must only be for personal or associative purposes; any use for professional purposes is prohibited. <\/p>\n\n\n\n<div style=\"height:50px\" aria-hidden=\"true\" class=\"wp-block-spacer\"><\/div>\n<\/div>\n","protected":false},"excerpt":{"rendered":"<p>Publication Director : Trevor HIRD Company name :Akris Route de Cign\u00e9 \u2013 Zone Industrielle 53300 AMBRIERES-LES-VALLEES, FRANCE T\u00e9l : +33 (0) 243 088 015 Fax : +33 (0) 243 049 674 This website was developed by Mediapilote . Intellectual Property Rights Akris informs users of this site that many of its elements : a ) [&hellip;]<\/p>\n","protected":false},"author":1,"featured_media":0,"parent":0,"menu_order":28,"comment_status":"closed","ping_status":"closed","template":"","meta":{"_acf_changed":false,"footnotes":""},"class_list":["post-610","page","type-page","status-publish","hentry"],"acf":[],"yoast_head":"<!-- This site is optimized with the Yoast SEO plugin v27.2 - https:\/\/yoast.com\/product\/yoast-seo-wordpress\/ -->\n<title>Legal notice and legal information | Akris Group<\/title>\n<meta name=\"description\" content=\"Consult the legal notice of AKRIS Group to access our official legal information. We ensure full transparency and compliance.\" \/>\n<meta name=\"robots\" content=\"noindex, follow, max-snippet:-1, max-image-preview:large, max-video-preview:-1\" \/>\n<meta property=\"og:locale\" content=\"en_US\" \/>\n<meta property=\"og:type\" content=\"article\" \/>\n<meta property=\"og:title\" content=\"Legal notice and legal information | Akris Group\" \/>\n<meta property=\"og:description\" content=\"Consult the legal notice of AKRIS Group to access our official legal information. We ensure full transparency and compliance.\" \/>\n<meta property=\"og:url\" content=\"https:\/\/akris-group-dev.mediapilote-laval.fr\/en\/legal-notices\/\" \/>\n<meta property=\"og:site_name\" content=\"Akris Group\" \/>\n<meta property=\"article:modified_time\" content=\"2026-03-20T14:30:40+00:00\" \/>\n<meta name=\"twitter:card\" content=\"summary_large_image\" \/>\n<meta name=\"twitter:label1\" content=\"Est. reading time\" \/>\n\t<meta name=\"twitter:data1\" content=\"6 minutes\" \/>\n<script type=\"application\/ld+json\" class=\"yoast-schema-graph\">{\"@context\":\"https:\/\/schema.org\",\"@graph\":[{\"@type\":\"WebPage\",\"@id\":\"https:\/\/akris-group-dev.mediapilote-laval.fr\/en\/legal-notices\/\",\"url\":\"https:\/\/akris-group-dev.mediapilote-laval.fr\/en\/legal-notices\/\",\"name\":\"Legal notice and legal information | Akris Group\",\"isPartOf\":{\"@id\":\"https:\/\/akris-group-dev.mediapilote-laval.fr\/en\/#website\"},\"datePublished\":\"2026-03-10T14:02:39+00:00\",\"dateModified\":\"2026-03-20T14:30:40+00:00\",\"description\":\"Consult the legal notice of AKRIS Group to access our official legal information. We ensure full transparency and compliance.\",\"breadcrumb\":{\"@id\":\"https:\/\/akris-group-dev.mediapilote-laval.fr\/en\/legal-notices\/#breadcrumb\"},\"inLanguage\":\"en-US\",\"potentialAction\":[{\"@type\":\"ReadAction\",\"target\":[\"https:\/\/akris-group-dev.mediapilote-laval.fr\/en\/legal-notices\/\"]}]},{\"@type\":\"BreadcrumbList\",\"@id\":\"https:\/\/akris-group-dev.mediapilote-laval.fr\/en\/legal-notices\/#breadcrumb\",\"itemListElement\":[{\"@type\":\"ListItem\",\"position\":1,\"name\":\"Akris Group\",\"item\":\"https:\/\/akris-group-dev.mediapilote-laval.fr\/en\/\"},{\"@type\":\"ListItem\",\"position\":2,\"name\":\"Legal notices\"}]},{\"@type\":\"WebSite\",\"@id\":\"https:\/\/akris-group-dev.mediapilote-laval.fr\/en\/#website\",\"url\":\"https:\/\/akris-group-dev.mediapilote-laval.fr\/en\/\",\"name\":\"Akris Group\",\"description\":\"\",\"publisher\":{\"@id\":\"https:\/\/akris-group-dev.mediapilote-laval.fr\/en\/#organization\"},\"potentialAction\":[{\"@type\":\"SearchAction\",\"target\":{\"@type\":\"EntryPoint\",\"urlTemplate\":\"https:\/\/akris-group-dev.mediapilote-laval.fr\/en\/?s={search_term_string}\"},\"query-input\":{\"@type\":\"PropertyValueSpecification\",\"valueRequired\":true,\"valueName\":\"search_term_string\"}}],\"inLanguage\":\"en-US\"},{\"@type\":\"Organization\",\"@id\":\"https:\/\/akris-group-dev.mediapilote-laval.fr\/en\/#organization\",\"name\":\"Akris Group\",\"url\":\"https:\/\/akris-group-dev.mediapilote-laval.fr\/en\/\",\"logo\":{\"@type\":\"ImageObject\",\"inLanguage\":\"en-US\",\"@id\":\"https:\/\/akris-group-dev.mediapilote-laval.fr\/en\/#\/schema\/logo\/image\/\",\"url\":\"https:\/\/akris-group-dev.mediapilote-laval.fr\/wp-content\/uploads\/2026\/03\/logo-akris-group-1.svg\",\"contentUrl\":\"https:\/\/akris-group-dev.mediapilote-laval.fr\/wp-content\/uploads\/2026\/03\/logo-akris-group-1.svg\",\"caption\":\"Akris Group\"},\"image\":{\"@id\":\"https:\/\/akris-group-dev.mediapilote-laval.fr\/en\/#\/schema\/logo\/image\/\"},\"sameAs\":[\"https:\/\/www.linkedin.com\/company\/akrisgroup\/about\/\"]}]}<\/script>\n<!-- \/ Yoast SEO plugin. -->","yoast_head_json":{"title":"Legal notice and legal information | Akris Group","description":"Consult the legal notice of AKRIS Group to access our official legal information. We ensure full transparency and compliance.","robots":{"index":"noindex","follow":"follow","max-snippet":"max-snippet:-1","max-image-preview":"max-image-preview:large","max-video-preview":"max-video-preview:-1"},"og_locale":"en_US","og_type":"article","og_title":"Legal notice and legal information | Akris Group","og_description":"Consult the legal notice of AKRIS Group to access our official legal information. We ensure full transparency and compliance.","og_url":"https:\/\/akris-group-dev.mediapilote-laval.fr\/en\/legal-notices\/","og_site_name":"Akris Group","article_modified_time":"2026-03-20T14:30:40+00:00","twitter_card":"summary_large_image","twitter_misc":{"Est. reading time":"6 minutes"},"schema":{"@context":"https:\/\/schema.org","@graph":[{"@type":"WebPage","@id":"https:\/\/akris-group-dev.mediapilote-laval.fr\/en\/legal-notices\/","url":"https:\/\/akris-group-dev.mediapilote-laval.fr\/en\/legal-notices\/","name":"Legal notice and legal information | Akris Group","isPartOf":{"@id":"https:\/\/akris-group-dev.mediapilote-laval.fr\/en\/#website"},"datePublished":"2026-03-10T14:02:39+00:00","dateModified":"2026-03-20T14:30:40+00:00","description":"Consult the legal notice of AKRIS Group to access our official legal information. We ensure full transparency and compliance.","breadcrumb":{"@id":"https:\/\/akris-group-dev.mediapilote-laval.fr\/en\/legal-notices\/#breadcrumb"},"inLanguage":"en-US","potentialAction":[{"@type":"ReadAction","target":["https:\/\/akris-group-dev.mediapilote-laval.fr\/en\/legal-notices\/"]}]},{"@type":"BreadcrumbList","@id":"https:\/\/akris-group-dev.mediapilote-laval.fr\/en\/legal-notices\/#breadcrumb","itemListElement":[{"@type":"ListItem","position":1,"name":"Akris Group","item":"https:\/\/akris-group-dev.mediapilote-laval.fr\/en\/"},{"@type":"ListItem","position":2,"name":"Legal notices"}]},{"@type":"WebSite","@id":"https:\/\/akris-group-dev.mediapilote-laval.fr\/en\/#website","url":"https:\/\/akris-group-dev.mediapilote-laval.fr\/en\/","name":"Akris Group","description":"","publisher":{"@id":"https:\/\/akris-group-dev.mediapilote-laval.fr\/en\/#organization"},"potentialAction":[{"@type":"SearchAction","target":{"@type":"EntryPoint","urlTemplate":"https:\/\/akris-group-dev.mediapilote-laval.fr\/en\/?s={search_term_string}"},"query-input":{"@type":"PropertyValueSpecification","valueRequired":true,"valueName":"search_term_string"}}],"inLanguage":"en-US"},{"@type":"Organization","@id":"https:\/\/akris-group-dev.mediapilote-laval.fr\/en\/#organization","name":"Akris Group","url":"https:\/\/akris-group-dev.mediapilote-laval.fr\/en\/","logo":{"@type":"ImageObject","inLanguage":"en-US","@id":"https:\/\/akris-group-dev.mediapilote-laval.fr\/en\/#\/schema\/logo\/image\/","url":"https:\/\/akris-group-dev.mediapilote-laval.fr\/wp-content\/uploads\/2026\/03\/logo-akris-group-1.svg","contentUrl":"https:\/\/akris-group-dev.mediapilote-laval.fr\/wp-content\/uploads\/2026\/03\/logo-akris-group-1.svg","caption":"Akris Group"},"image":{"@id":"https:\/\/akris-group-dev.mediapilote-laval.fr\/en\/#\/schema\/logo\/image\/"},"sameAs":["https:\/\/www.linkedin.com\/company\/akrisgroup\/about\/"]}]}},"_links":{"self":[{"href":"https:\/\/akris-group-dev.mediapilote-laval.fr\/en\/wp-json\/wp\/v2\/pages\/610","targetHints":{"allow":["GET"]}}],"collection":[{"href":"https:\/\/akris-group-dev.mediapilote-laval.fr\/en\/wp-json\/wp\/v2\/pages"}],"about":[{"href":"https:\/\/akris-group-dev.mediapilote-laval.fr\/en\/wp-json\/wp\/v2\/types\/page"}],"author":[{"embeddable":true,"href":"https:\/\/akris-group-dev.mediapilote-laval.fr\/en\/wp-json\/wp\/v2\/users\/1"}],"replies":[{"embeddable":true,"href":"https:\/\/akris-group-dev.mediapilote-laval.fr\/en\/wp-json\/wp\/v2\/comments?post=610"}],"version-history":[{"count":2,"href":"https:\/\/akris-group-dev.mediapilote-laval.fr\/en\/wp-json\/wp\/v2\/pages\/610\/revisions"}],"predecessor-version":[{"id":689,"href":"https:\/\/akris-group-dev.mediapilote-laval.fr\/en\/wp-json\/wp\/v2\/pages\/610\/revisions\/689"}],"wp:attachment":[{"href":"https:\/\/akris-group-dev.mediapilote-laval.fr\/en\/wp-json\/wp\/v2\/media?parent=610"}],"curies":[{"name":"wp","href":"https:\/\/api.w.org\/{rel}","templated":true}]}}