{"id":608,"date":"2026-03-10T14:58:18","date_gmt":"2026-03-10T13:58:18","guid":{"rendered":"https:\/\/akris-group-dev.mediapilote-laval.fr\/high-precision-machining-technologies\/"},"modified":"2026-03-25T16:44:07","modified_gmt":"2026-03-25T15:44:07","slug":"high-precision-machining-technologies","status":"publish","type":"page","link":"https:\/\/akris-group-dev.mediapilote-laval.fr\/en\/our-expertise\/high-precision-machining-technologies\/","title":{"rendered":"High-precision machining technologies"},"content":{"rendered":"<section class=\"page-header page-header--has-bg\" style=\"background: linear-gradient(8deg,#D2E3EB 12%,#D6C6E2 78%);\">\n\t<div class=\"page-header__inner\">\n\n\t\t\t\t\t<br \/>\n<b>Deprecated<\/b>:  ltrim(): Passing null to parameter #1 ($string) of type string is deprecated in <b>\/home\/dela2773\/public_html\/akris-group-dev\/wp-includes\/formatting.php<\/b> on line <b>4496<\/b><br \/>\n<p class=\"page-header__breadcrumb \"><span><span><a href=\"https:\/\/akris-group-dev.mediapilote-laval.fr\/en\/\">Akris Group<\/a><\/span><\/span><\/p>\t\t\n\t\t\t\t\t<h1 class=\"page-header__title\">High-precision machining technologies: The excellence of the AKRIS Group<\/h1>\n\t\t\n\t\t\n\t\t\n\t\t\n\t<\/div>\n<\/section>\n\n\n<section class=\"bloc-presentation\">\n    <div class=\"bloc-presentation__inner\">\n\n        \n                <div class=\"bloc-presentation__rows\">\n                        <div class=\"bloc-presentation__row\">\n\n                                <figure class=\"bloc-presentation__figure\">\n                    <img loading=\"lazy\" decoding=\"async\"\n                        src=\"https:\/\/akris-group-dev.mediapilote-laval.fr\/wp-content\/uploads\/2026\/03\/placeholder.webp\"\n                        alt=\"placeholder\"\n                        width=\"950\"\n                        height=\"633\"\n                    >\n                <\/figure>\n                \n                                <div class=\"bloc-presentation__content\">\n                    <h2>High-precision machining: a requirement, not an option<\/h2>\n<p><strong>At AKRIS Group, high-precision machining is much more than just a manufacturing process; it&#8217;s the foundation of our industrial identity.<\/strong> In an ecosystem where errors are measured in microns, we have combined the strengths of pioneering brands like Sumca and S3M to offer a comprehensive solution to the most complex technological challenges. This consolidation of sites under akris-group.com now allows us to present a unified technological showcase, capable of meeting the needs of the most demanding sectors, such as aerospace, advanced medical, and nuclear.  <\/p>\n                <\/div>\n                \n            <\/div>\n                        <div class=\"bloc-presentation__row bloc-presentation__row--reversed\">\n\n                                <figure class=\"bloc-presentation__figure\">\n                    <img loading=\"lazy\" decoding=\"async\"\n                        src=\"https:\/\/akris-group-dev.mediapilote-laval.fr\/wp-content\/uploads\/2026\/03\/placeholder.webp\"\n                        alt=\"placeholder\"\n                        width=\"950\"\n                        height=\"633\"\n                    >\n                <\/figure>\n                \n                                <div class=\"bloc-presentation__content\">\n                    <h2>Mastery of high-speed machining and 5-axis machining: Absolute freedom of form<\/h2>\n<p><strong>Le c\u0153ur de notre dispositif industriel repose sur l\u2019Usinage Grande Vitesse (UGV) et nos centres d\u2019usinage 5 axes de derni\u00e8re g\u00e9n\u00e9ration.<\/strong> This technology allows complex geometries to be worked on in a reduced number of setups, thus guaranteeing impeccable dimensional and geometric accuracy.<\/p>\n<p>\u2022 Performance and responsiveness : Thanks to high rotational speeds and rapid feed rates, we reduce cycle times while improving the surface finish of critical parts.<\/p>\n<p>\u2022 Limitless complexity : 5-axis machining eliminates design constraints. Whether for turbine blades, medical implants, or defense components, our CNC machines handle the most challenging angles with perfect fluidity. <\/p>\n<p>\u2022 Combined machining : We also integrate CNC milling and turning capabilities to deliver finished parts ready for assembly, minimizing the risks associated with multiple rework.<\/p>\n                <\/div>\n                \n            <\/div>\n                        <div class=\"bloc-presentation__row\">\n\n                                <figure class=\"bloc-presentation__figure\">\n                    <img loading=\"lazy\" decoding=\"async\"\n                        src=\"https:\/\/akris-group-dev.mediapilote-laval.fr\/wp-content\/uploads\/2026\/03\/placeholder.webp\"\n                        alt=\"placeholder\"\n                        width=\"950\"\n                        height=\"633\"\n                    >\n                <\/figure>\n                \n                                <div class=\"bloc-presentation__content\">\n                    <h2>Micromachining and ultra-precision : Expertise in the infinitely small<\/h2>\n<p><strong>Where conventional machining stops, Sumca&#8217;s expertise takes over.<\/strong> We have mastered micromachining for the production of miniature components for advanced electronics and connectors.<\/p>\n<p>Our workshops are equipped to handle extremely tight tolerances on small-scale complex parts. This ability to push the boundaries of the possible relies on high-level craftsmanship, supported by cutting-edge technologies. Each micro-part is the result of a prior analysis of mechanical constraints, ensuring total reliability once integrated into your systems.  <\/p>\n                <\/div>\n                \n            <\/div>\n                        <div class=\"bloc-presentation__row bloc-presentation__row--reversed\">\n\n                                <figure class=\"bloc-presentation__figure\">\n                    <img loading=\"lazy\" decoding=\"async\"\n                        src=\"https:\/\/akris-group-dev.mediapilote-laval.fr\/wp-content\/uploads\/2026\/03\/placeholder.webp\"\n                        alt=\"placeholder\"\n                        width=\"950\"\n                        height=\"633\"\n                    >\n                <\/figure>\n                \n                                <div class=\"bloc-presentation__content\">\n                    <h2>Machining hard materials : The answer to extreme environments<\/h2>\n<p><strong>The AKRIS Group distinguishes itself by its ability to machine materials known for their difficulty in implementation.<\/strong> Under the aegis of our expert brands like Usicarb, we work with tungsten carbide, ceramics and other high-hardness alloy steels.<\/p>\n<p>This expertise is crucial for manufacturing compaction tools and wear parts subjected to high thermal or mechanical stresses. We don&#8217;t just shape the material; we optimize the durability of your tools through perfect mastery of cutting and finishing processes on hard materials. <\/p>\n                <\/div>\n                \n            <\/div>\n                        <div class=\"bloc-presentation__row\">\n\n                                <figure class=\"bloc-presentation__figure\">\n                    <img loading=\"lazy\" decoding=\"async\"\n                        src=\"https:\/\/akris-group-dev.mediapilote-laval.fr\/wp-content\/uploads\/2026\/03\/placeholder.webp\"\n                        alt=\"placeholder\"\n                        width=\"950\"\n                        height=\"633\"\n                    >\n                <\/figure>\n                \n                                <div class=\"bloc-presentation__content\">\n                    <h2>Quality, Traceability and &#8220;Zero Variability&#8221; : The Nuclear Commitment<\/h2>\n<p><strong>The nuclear market demands absolute rigor.<\/strong> To meet these requirements, AKRIS has developed a culture of &#8220;Zero Variability&#8221; and total traceability.<\/p>\n<p>\u2022 Process traceability: Each machining step is documented, from the origin of the raw material to the final metrological control.<\/p>\n<p>\u2022 Guaranteed repeatability: Our manufacturing protocols ensure that each part in a series, whether it is the first or the thousandth, scrupulously complies with the specifications.<\/p>\n<p>\u2022 Non-destructive testing: We integrate advanced metrology phases to validate the conformity of each component before shipment.<\/p>\n                <\/div>\n                \n            <\/div>\n                        <div class=\"bloc-presentation__row bloc-presentation__row--reversed\">\n\n                                <figure class=\"bloc-presentation__figure\">\n                    <img loading=\"lazy\" decoding=\"async\"\n                        src=\"https:\/\/akris-group-dev.mediapilote-laval.fr\/wp-content\/uploads\/2026\/03\/placeholder.webp\"\n                        alt=\"placeholder\"\n                        width=\"950\"\n                        height=\"633\"\n                    >\n                <\/figure>\n                \n                                <div class=\"bloc-presentation__content\">\n                    <h2>Synergy Group: Workshop Synchronization and Capacity Security<\/h2>\n<p><strong>Choosing the AKRIS Group means benefiting from the strength of a network.<\/strong> The harmonization of our systems (common ERP) allows for perfect synchronization of our workshops on an international scale.<\/p>\n<p>This structure allows us to offer unparalleled capacity security: in the event of an overload at one production site, our other units can take over without any disruption to quality or delivery times. Your projects thus benefit from the flexibility of an SME and the industrial strength of a leading group. <\/p>\n                <\/div>\n                \n            <\/div>\n                    <\/div>\n        \n                <div class=\"bloc-presentation__bottom\">\n            <h2>A customer-centric methodology: Geogleiss and Vision 360<\/h2>\n<p><strong>To ensure the success of your complex projects, we rely on proprietary methodological tools such as Geogleiss and Vision 360.<\/strong> These infographics and processes allow us to visualize your constraints from all angles, anticipate manufacturing risks and co-create with you the most efficient and economical machining solution.<\/p>\n        <\/div>\n        \n    <\/div>\n<\/section>\n","protected":false},"excerpt":{"rendered":"","protected":false},"author":1,"featured_media":0,"parent":633,"menu_order":18,"comment_status":"closed","ping_status":"closed","template":"","meta":{"_acf_changed":false,"footnotes":""},"class_list":["post-608","page","type-page","status-publish","hentry"],"acf":[],"yoast_head":"<!-- This site is optimized with the Yoast SEO plugin v27.2 - https:\/\/yoast.com\/product\/yoast-seo-wordpress\/ -->\n<title>High-precision machining and 5-axis solutions | Akris Group<\/title>\n<meta name=\"description\" content=\"Secure your industrial projects with AKRIS high-precision machining. Benefit from 5-axis and micro-machining expertise with full traceability.\" \/>\n<meta name=\"robots\" content=\"noindex, follow, max-snippet:-1, max-image-preview:large, max-video-preview:-1\" \/>\n<meta property=\"og:locale\" content=\"en_US\" \/>\n<meta property=\"og:type\" content=\"article\" \/>\n<meta property=\"og:title\" content=\"High-precision machining and 5-axis solutions | Akris Group\" \/>\n<meta property=\"og:description\" content=\"Secure your industrial projects with AKRIS high-precision machining. Benefit from 5-axis and micro-machining expertise with full traceability.\" \/>\n<meta property=\"og:url\" content=\"https:\/\/akris-group-dev.mediapilote-laval.fr\/en\/our-expertise\/high-precision-machining-technologies\/\" \/>\n<meta property=\"og:site_name\" content=\"Akris Group\" \/>\n<meta property=\"article:modified_time\" content=\"2026-03-25T15:44:07+00:00\" \/>\n<meta name=\"twitter:card\" content=\"summary_large_image\" \/>\n<script type=\"application\/ld+json\" class=\"yoast-schema-graph\">{\"@context\":\"https:\/\/schema.org\",\"@graph\":[{\"@type\":\"WebPage\",\"@id\":\"https:\/\/akris-group-dev.mediapilote-laval.fr\/en\/our-expertise\/high-precision-machining-technologies\/\",\"url\":\"https:\/\/akris-group-dev.mediapilote-laval.fr\/en\/our-expertise\/high-precision-machining-technologies\/\",\"name\":\"High-precision machining and 5-axis solutions | Akris Group\",\"isPartOf\":{\"@id\":\"https:\/\/akris-group-dev.mediapilote-laval.fr\/en\/#website\"},\"datePublished\":\"2026-03-10T13:58:18+00:00\",\"dateModified\":\"2026-03-25T15:44:07+00:00\",\"description\":\"Secure your industrial projects with AKRIS high-precision machining. Benefit from 5-axis and micro-machining expertise with full traceability.\",\"breadcrumb\":{\"@id\":\"https:\/\/akris-group-dev.mediapilote-laval.fr\/en\/our-expertise\/high-precision-machining-technologies\/#breadcrumb\"},\"inLanguage\":\"en-US\",\"potentialAction\":[{\"@type\":\"ReadAction\",\"target\":[\"https:\/\/akris-group-dev.mediapilote-laval.fr\/en\/our-expertise\/high-precision-machining-technologies\/\"]}]},{\"@type\":\"BreadcrumbList\",\"@id\":\"https:\/\/akris-group-dev.mediapilote-laval.fr\/en\/our-expertise\/high-precision-machining-technologies\/#breadcrumb\",\"itemListElement\":[{\"@type\":\"ListItem\",\"position\":1,\"name\":\"Akris Group\",\"item\":\"https:\/\/akris-group-dev.mediapilote-laval.fr\/en\/\"},{\"@type\":\"ListItem\",\"position\":2,\"name\":\"Our expertise\",\"item\":\"https:\/\/akris-group-dev.mediapilote-laval.fr\/en\/our-expertise\/\"},{\"@type\":\"ListItem\",\"position\":3,\"name\":\"High-precision machining technologies\"}]},{\"@type\":\"WebSite\",\"@id\":\"https:\/\/akris-group-dev.mediapilote-laval.fr\/en\/#website\",\"url\":\"https:\/\/akris-group-dev.mediapilote-laval.fr\/en\/\",\"name\":\"Akris Group\",\"description\":\"\",\"publisher\":{\"@id\":\"https:\/\/akris-group-dev.mediapilote-laval.fr\/en\/#organization\"},\"potentialAction\":[{\"@type\":\"SearchAction\",\"target\":{\"@type\":\"EntryPoint\",\"urlTemplate\":\"https:\/\/akris-group-dev.mediapilote-laval.fr\/en\/?s={search_term_string}\"},\"query-input\":{\"@type\":\"PropertyValueSpecification\",\"valueRequired\":true,\"valueName\":\"search_term_string\"}}],\"inLanguage\":\"en-US\"},{\"@type\":\"Organization\",\"@id\":\"https:\/\/akris-group-dev.mediapilote-laval.fr\/en\/#organization\",\"name\":\"Akris Group\",\"url\":\"https:\/\/akris-group-dev.mediapilote-laval.fr\/en\/\",\"logo\":{\"@type\":\"ImageObject\",\"inLanguage\":\"en-US\",\"@id\":\"https:\/\/akris-group-dev.mediapilote-laval.fr\/en\/#\/schema\/logo\/image\/\",\"url\":\"https:\/\/akris-group-dev.mediapilote-laval.fr\/wp-content\/uploads\/2026\/03\/logo-akris-group-1.svg\",\"contentUrl\":\"https:\/\/akris-group-dev.mediapilote-laval.fr\/wp-content\/uploads\/2026\/03\/logo-akris-group-1.svg\",\"caption\":\"Akris Group\"},\"image\":{\"@id\":\"https:\/\/akris-group-dev.mediapilote-laval.fr\/en\/#\/schema\/logo\/image\/\"},\"sameAs\":[\"https:\/\/www.linkedin.com\/company\/akrisgroup\/about\/\"]}]}<\/script>\n<!-- \/ Yoast SEO plugin. -->","yoast_head_json":{"title":"High-precision machining and 5-axis solutions | Akris Group","description":"Secure your industrial projects with AKRIS high-precision machining. Benefit from 5-axis and micro-machining expertise with full traceability.","robots":{"index":"noindex","follow":"follow","max-snippet":"max-snippet:-1","max-image-preview":"max-image-preview:large","max-video-preview":"max-video-preview:-1"},"og_locale":"en_US","og_type":"article","og_title":"High-precision machining and 5-axis solutions | Akris Group","og_description":"Secure your industrial projects with AKRIS high-precision machining. Benefit from 5-axis and micro-machining expertise with full traceability.","og_url":"https:\/\/akris-group-dev.mediapilote-laval.fr\/en\/our-expertise\/high-precision-machining-technologies\/","og_site_name":"Akris Group","article_modified_time":"2026-03-25T15:44:07+00:00","twitter_card":"summary_large_image","schema":{"@context":"https:\/\/schema.org","@graph":[{"@type":"WebPage","@id":"https:\/\/akris-group-dev.mediapilote-laval.fr\/en\/our-expertise\/high-precision-machining-technologies\/","url":"https:\/\/akris-group-dev.mediapilote-laval.fr\/en\/our-expertise\/high-precision-machining-technologies\/","name":"High-precision machining and 5-axis solutions | Akris Group","isPartOf":{"@id":"https:\/\/akris-group-dev.mediapilote-laval.fr\/en\/#website"},"datePublished":"2026-03-10T13:58:18+00:00","dateModified":"2026-03-25T15:44:07+00:00","description":"Secure your industrial projects with AKRIS high-precision machining. Benefit from 5-axis and micro-machining expertise with full traceability.","breadcrumb":{"@id":"https:\/\/akris-group-dev.mediapilote-laval.fr\/en\/our-expertise\/high-precision-machining-technologies\/#breadcrumb"},"inLanguage":"en-US","potentialAction":[{"@type":"ReadAction","target":["https:\/\/akris-group-dev.mediapilote-laval.fr\/en\/our-expertise\/high-precision-machining-technologies\/"]}]},{"@type":"BreadcrumbList","@id":"https:\/\/akris-group-dev.mediapilote-laval.fr\/en\/our-expertise\/high-precision-machining-technologies\/#breadcrumb","itemListElement":[{"@type":"ListItem","position":1,"name":"Akris Group","item":"https:\/\/akris-group-dev.mediapilote-laval.fr\/en\/"},{"@type":"ListItem","position":2,"name":"Our expertise","item":"https:\/\/akris-group-dev.mediapilote-laval.fr\/en\/our-expertise\/"},{"@type":"ListItem","position":3,"name":"High-precision machining technologies"}]},{"@type":"WebSite","@id":"https:\/\/akris-group-dev.mediapilote-laval.fr\/en\/#website","url":"https:\/\/akris-group-dev.mediapilote-laval.fr\/en\/","name":"Akris Group","description":"","publisher":{"@id":"https:\/\/akris-group-dev.mediapilote-laval.fr\/en\/#organization"},"potentialAction":[{"@type":"SearchAction","target":{"@type":"EntryPoint","urlTemplate":"https:\/\/akris-group-dev.mediapilote-laval.fr\/en\/?s={search_term_string}"},"query-input":{"@type":"PropertyValueSpecification","valueRequired":true,"valueName":"search_term_string"}}],"inLanguage":"en-US"},{"@type":"Organization","@id":"https:\/\/akris-group-dev.mediapilote-laval.fr\/en\/#organization","name":"Akris Group","url":"https:\/\/akris-group-dev.mediapilote-laval.fr\/en\/","logo":{"@type":"ImageObject","inLanguage":"en-US","@id":"https:\/\/akris-group-dev.mediapilote-laval.fr\/en\/#\/schema\/logo\/image\/","url":"https:\/\/akris-group-dev.mediapilote-laval.fr\/wp-content\/uploads\/2026\/03\/logo-akris-group-1.svg","contentUrl":"https:\/\/akris-group-dev.mediapilote-laval.fr\/wp-content\/uploads\/2026\/03\/logo-akris-group-1.svg","caption":"Akris Group"},"image":{"@id":"https:\/\/akris-group-dev.mediapilote-laval.fr\/en\/#\/schema\/logo\/image\/"},"sameAs":["https:\/\/www.linkedin.com\/company\/akrisgroup\/about\/"]}]}},"_links":{"self":[{"href":"https:\/\/akris-group-dev.mediapilote-laval.fr\/en\/wp-json\/wp\/v2\/pages\/608","targetHints":{"allow":["GET"]}}],"collection":[{"href":"https:\/\/akris-group-dev.mediapilote-laval.fr\/en\/wp-json\/wp\/v2\/pages"}],"about":[{"href":"https:\/\/akris-group-dev.mediapilote-laval.fr\/en\/wp-json\/wp\/v2\/types\/page"}],"author":[{"embeddable":true,"href":"https:\/\/akris-group-dev.mediapilote-laval.fr\/en\/wp-json\/wp\/v2\/users\/1"}],"replies":[{"embeddable":true,"href":"https:\/\/akris-group-dev.mediapilote-laval.fr\/en\/wp-json\/wp\/v2\/comments?post=608"}],"version-history":[{"count":2,"href":"https:\/\/akris-group-dev.mediapilote-laval.fr\/en\/wp-json\/wp\/v2\/pages\/608\/revisions"}],"predecessor-version":[{"id":778,"href":"https:\/\/akris-group-dev.mediapilote-laval.fr\/en\/wp-json\/wp\/v2\/pages\/608\/revisions\/778"}],"up":[{"embeddable":true,"href":"https:\/\/akris-group-dev.mediapilote-laval.fr\/en\/wp-json\/wp\/v2\/pages\/633"}],"wp:attachment":[{"href":"https:\/\/akris-group-dev.mediapilote-laval.fr\/en\/wp-json\/wp\/v2\/media?parent=608"}],"curies":[{"name":"wp","href":"https:\/\/api.w.org\/{rel}","templated":true}]}}