{"id":595,"date":"2026-03-10T15:10:50","date_gmt":"2026-03-10T14:10:50","guid":{"rendered":"https:\/\/akris-group-dev.mediapilote-laval.fr\/contact-us\/"},"modified":"2026-03-25T17:25:07","modified_gmt":"2026-03-25T16:25:07","slug":"contact-us","status":"publish","type":"page","link":"https:\/\/akris-group-dev.mediapilote-laval.fr\/en\/contact-us\/","title":{"rendered":"Contact us"},"content":{"rendered":"<section class=\"page-header page-header--has-bg\" style=\"background: linear-gradient(8deg,#D2E3EB 12%,#D6C6E2 78%);\">\n\t<div class=\"page-header__inner\">\n\n\t\t\t\t\t<br \/>\n<b>Deprecated<\/b>:  ltrim(): Passing null to parameter #1 ($string) of type string is deprecated in <b>\/home\/dela2773\/public_html\/akris-group-dev\/wp-includes\/formatting.php<\/b> on line <b>4496<\/b><br \/>\n<p class=\"page-header__breadcrumb \"><span><span><a href=\"https:\/\/akris-group-dev.mediapilote-laval.fr\/en\/\">Akris Group<\/a><\/span><\/span><\/p>\t\t\n\t\t\t\t\t<h1 class=\"page-header__title\">Contact us<\/h1>\n\t\t\n\t\t\t\t\t<div class=\"page-header__box\">\n\t\t\t\t\t\t\t\t\t\t\t\t\t<p class=\"\">AKRIS Group experts are at your full disposal to support you. From the initial analysis via our Vision 360 methodology to the production of your critical components, we put our industrial excellence at the service of your performance. Contact us today to co-design your solutions of tomorrow.  <\/p>\n\t\t\t\t\t\t\t<\/div>\n\t\t\n\t\t\n\t\t\n\t<\/div>\n<\/section>\n\n\n\n<div class=\"wp-block-group is-layout-constrained wp-block-group-is-layout-constrained\">\n<div class=\"wpcf7 no-js\" id=\"wpcf7-f594-o1\" lang=\"en-US\" dir=\"ltr\" data-wpcf7-id=\"594\">\n<div class=\"screen-reader-response\"><p role=\"status\" aria-live=\"polite\" aria-atomic=\"true\"><\/p> <ul><\/ul><\/div>\n<form action=\"\/en\/wp-json\/wp\/v2\/pages\/595#wpcf7-f594-o1\" method=\"post\" class=\"wpcf7-form init\" aria-label=\"Contact form\" enctype=\"multipart\/form-data\" novalidate=\"novalidate\" data-status=\"init\">\n<fieldset class=\"hidden-fields-container\"><input type=\"hidden\" name=\"_wpcf7\" value=\"594\" \/><input type=\"hidden\" name=\"_wpcf7_version\" value=\"6.1.5\" \/><input type=\"hidden\" name=\"_wpcf7_locale\" value=\"en_US\" \/><input type=\"hidden\" name=\"_wpcf7_unit_tag\" value=\"wpcf7-f594-o1\" \/><input type=\"hidden\" name=\"_wpcf7_container_post\" value=\"0\" \/><input type=\"hidden\" name=\"_wpcf7_posted_data_hash\" value=\"\" \/>\n<\/fieldset>\n<div class=\"contact-form\">\n\t<div class=\"contact-form__group\">\n\t\t<p class=\"contact-form__section-title\">Your identity<\/p>\n\t\t<div class=\"contact-form__row\">\n\t\t\t<div class=\"contact-form__field\">\n\t\t\t\t<label class=\"contact-form__label\" for=\"cf7-prenom\">First name<\/label>\n\t\t\t\t<span class=\"wpcf7-form-control-wrap\" data-name=\"prenom\"><input size=\"40\" maxlength=\"400\" class=\"wpcf7-form-control wpcf7-text contact-form__input\" id=\"cf7-prenom\" aria-invalid=\"false\" placeholder=\"\" value=\"\" type=\"text\" name=\"prenom\" \/><\/span>\n\t\t\t<\/div>\n\t\t\t<div class=\"contact-form__field\">\n\t\t\t\t<label class=\"contact-form__label\" for=\"cf7-nom\">Last name<\/label>\n\t\t\t\t<span class=\"wpcf7-form-control-wrap\" data-name=\"nom\"><input size=\"40\" maxlength=\"400\" class=\"wpcf7-form-control wpcf7-text contact-form__input\" id=\"cf7-nom\" aria-invalid=\"false\" placeholder=\"\" value=\"\" type=\"text\" name=\"nom\" \/><\/span>\n\t\t\t<\/div>\n\t\t<\/div>\n\n\t\t<div class=\"contact-form__row\">\n\t\t\t<div class=\"contact-form__field\">\n\t\t\t\t<label class=\"contact-form__label\" for=\"cf7-tel\">Phone number<\/label>\n\t\t\t\t<span class=\"wpcf7-form-control-wrap\" data-name=\"tel\"><input size=\"40\" maxlength=\"400\" class=\"wpcf7-form-control wpcf7-tel wpcf7-text wpcf7-validates-as-tel contact-form__input\" id=\"cf7-tel\" aria-invalid=\"false\" placeholder=\"\" value=\"\" type=\"tel\" name=\"tel\" \/><\/span>\n\t\t\t<\/div>\n\t\t\t<div class=\"contact-form__field\">\n\t\t\t\t<label class=\"contact-form__label\" for=\"cf7-email\">Email<\/label>\n\t\t\t\t<span class=\"wpcf7-form-control-wrap\" data-name=\"email\"><input size=\"40\" maxlength=\"400\" class=\"wpcf7-form-control wpcf7-email wpcf7-validates-as-required wpcf7-text wpcf7-validates-as-email contact-form__input\" id=\"cf7-email\" aria-required=\"true\" aria-invalid=\"false\" placeholder=\"\" value=\"\" type=\"email\" name=\"email\" \/><\/span>\n\t\t\t<\/div>\n\t\t<\/div>\n\t<\/div>\n\t<div class=\"contact-form__group\">\n\t\t<p class=\"contact-form__section-title\">Your request<\/p>\n\t\t<div class=\"contact-form__field contact-form__field--select\">\n  <label class=\"contact-form__label--static\" for=\"cf7-company\">Company you wish to contact<\/label>\n  <div class=\"contact-form__select-wrap\">\n    <span class=\"wpcf7-form-control-wrap\" data-name=\"Company\"><select class=\"wpcf7-form-control wpcf7-select wpcf7-validates-as-required contact-form__select\" id=\"cf7-company\" aria-required=\"true\" aria-invalid=\"false\" name=\"Company\"><option value=\"Sumca\">Sumca<\/option><option value=\"S3M\">S3M<\/option><option value=\"Compaction Tool Services\">Compaction Tool Services<\/option><option value=\"Usicarb\">Usicarb<\/option><option value=\"Akris\">Akris<\/option><\/select><\/span>\n  <\/div>\n<\/div>\n\t\t<div class=\"contact-form__field\">\n\t\t\t<label class=\"contact-form__label\" for=\"cf7-objet\">Subject of your request<\/label>\n\t\t\t<span class=\"wpcf7-form-control-wrap\" data-name=\"objet\"><input size=\"40\" maxlength=\"400\" class=\"wpcf7-form-control wpcf7-text contact-form__input\" id=\"cf7-objet\" aria-invalid=\"false\" placeholder=\"\" value=\"\" type=\"text\" name=\"objet\" \/><\/span>\n\t\t<\/div>\n\n\t\t<div class=\"contact-form__field contact-form__field--textarea\">\n\t\t\t<label class=\"contact-form__label--static\" for=\"cf7-message\">Your message (optional)<\/label>\n\t\t\t<span class=\"wpcf7-form-control-wrap\" data-name=\"message\"><textarea cols=\"40\" rows=\"10\" maxlength=\"2000\" class=\"wpcf7-form-control wpcf7-textarea contact-form__textarea\" id=\"cf7-message\" aria-invalid=\"false\" name=\"message\"><\/textarea><\/span>\n\t\t<\/div>\n\n\t\t<div class=\"contact-form__field contact-form__field--file\">\n\t\t\t<label class=\"contact-form__label--static\">Attach a file <span class=\"file_info\">(jpeg | png | pdf | docx - max : 5Mo)<\/span><\/label>\n\t\t\t<div class=\"contact-form__file-wrap\">\n\t\t\t\t<span class=\"wpcf7-form-control-wrap\" data-name=\"fichier\"><input size=\"40\" class=\"wpcf7-form-control wpcf7-file contact-form__file-input\" id=\"cf7-fichier\" accept=\".jpg,.jpeg,.png,.pdf,.doc,.docx\" aria-invalid=\"false\" type=\"file\" name=\"fichier\" \/><\/span>\n\t\t\t<\/div>\n\t\t<\/div>\n\t<\/div>\n\t<div class=\"contact-form__rgpd\">\n\t\t<span class=\"wpcf7-form-control-wrap\" data-name=\"rgpd\"><span class=\"wpcf7-form-control wpcf7-acceptance\"><span class=\"wpcf7-list-item\"><input type=\"checkbox\" name=\"rgpd\" value=\"1\" class=\"contact-form__checkbox\" id=\"cf7-rgpd\" aria-invalid=\"false\" \/><\/span><\/span><\/span>\n\t\t<label class=\"contact-form__rgpd-label\" for=\"cf7-rgpd\">\n By submitting this form , I agree that the information entered in this form may be used , exploited and processed to allow me to be contacted again , as part of this operation.\n\t\t<\/label>\n\t<\/div>\n\t<div class=\"contact-form__submit-wrap\">\n\t\t<input class=\"wpcf7-form-control wpcf7-submit has-spinner bouton primary\" type=\"submit\" value=\"Send\" \/>\n\t<\/div>\n<\/div><div class=\"wpcf7-response-output\" aria-hidden=\"true\"><\/div>\n<\/form>\n<\/div>\n\n<\/div>\n<section class=\"implantation\" data-mode=\"all\" data-rest-url=\"https:\/\/akris-group-dev.mediapilote-laval.fr\/en\/wp-json\/wp\/v2\/marques\">\n\n        <h2 class=\"implantation__title\">Our locations<\/h2>\n\n        <div class=\"implantation__layout\">\n\n            <div class=\"implantation__panel\">\n\n                \n                    <ul class=\"implantation__list\" aria-label=\"Our locations\">\n                                            <\/ul>\n\n                \n            <\/div>\n\n            <div class=\"implantation__map\"\n                            ><\/div>\n\n        <\/div>\n\n<\/section>\n","protected":false},"excerpt":{"rendered":"","protected":false},"author":1,"featured_media":0,"parent":0,"menu_order":30,"comment_status":"closed","ping_status":"closed","template":"","meta":{"_acf_changed":false,"footnotes":""},"class_list":["post-595","page","type-page","status-publish","hentry"],"acf":[],"yoast_head":"<!-- This site is optimized with the Yoast SEO plugin v27.2 - https:\/\/yoast.com\/product\/yoast-seo-wordpress\/ -->\n<title>Contact us for your machining projects | Akris Group<\/title>\n<meta name=\"description\" content=\"Contactez AKRIS Group pour vos besoins en usinage de pr\u00e9cision. Nos experts vous accompagnent pour d\u00e9finir vos projets et \u00e9tablir un devis personnalis\u00e9.\" \/>\n<meta name=\"robots\" content=\"noindex, follow, max-snippet:-1, max-image-preview:large, max-video-preview:-1\" \/>\n<meta property=\"og:locale\" content=\"en_US\" \/>\n<meta property=\"og:type\" content=\"article\" \/>\n<meta property=\"og:title\" content=\"Contact us for your machining projects | Akris Group\" \/>\n<meta property=\"og:description\" content=\"Contactez AKRIS Group pour vos besoins en usinage de pr\u00e9cision. Nos experts vous accompagnent pour d\u00e9finir vos projets et \u00e9tablir un devis personnalis\u00e9.\" \/>\n<meta property=\"og:url\" content=\"https:\/\/akris-group-dev.mediapilote-laval.fr\/en\/contact-us\/\" \/>\n<meta property=\"og:site_name\" content=\"Akris Group\" \/>\n<meta property=\"article:modified_time\" content=\"2026-03-25T16:25:07+00:00\" \/>\n<meta name=\"twitter:card\" content=\"summary_large_image\" \/>\n<script type=\"application\/ld+json\" class=\"yoast-schema-graph\">{\"@context\":\"https:\/\/schema.org\",\"@graph\":[{\"@type\":\"WebPage\",\"@id\":\"https:\/\/akris-group-dev.mediapilote-laval.fr\/en\/contact-us\/\",\"url\":\"https:\/\/akris-group-dev.mediapilote-laval.fr\/en\/contact-us\/\",\"name\":\"Contact us for your machining projects | Akris Group\",\"isPartOf\":{\"@id\":\"https:\/\/akris-group-dev.mediapilote-laval.fr\/en\/#website\"},\"datePublished\":\"2026-03-10T14:10:50+00:00\",\"dateModified\":\"2026-03-25T16:25:07+00:00\",\"description\":\"Contactez AKRIS Group pour vos besoins en usinage de pr\u00e9cision. Nos experts vous accompagnent pour d\u00e9finir vos projets et \u00e9tablir un devis personnalis\u00e9.\",\"breadcrumb\":{\"@id\":\"https:\/\/akris-group-dev.mediapilote-laval.fr\/en\/contact-us\/#breadcrumb\"},\"inLanguage\":\"en-US\",\"potentialAction\":[{\"@type\":\"ReadAction\",\"target\":[\"https:\/\/akris-group-dev.mediapilote-laval.fr\/en\/contact-us\/\"]}]},{\"@type\":\"BreadcrumbList\",\"@id\":\"https:\/\/akris-group-dev.mediapilote-laval.fr\/en\/contact-us\/#breadcrumb\",\"itemListElement\":[{\"@type\":\"ListItem\",\"position\":1,\"name\":\"Akris Group\",\"item\":\"https:\/\/akris-group-dev.mediapilote-laval.fr\/en\/\"},{\"@type\":\"ListItem\",\"position\":2,\"name\":\"Contact us\"}]},{\"@type\":\"WebSite\",\"@id\":\"https:\/\/akris-group-dev.mediapilote-laval.fr\/en\/#website\",\"url\":\"https:\/\/akris-group-dev.mediapilote-laval.fr\/en\/\",\"name\":\"Akris Group\",\"description\":\"\",\"publisher\":{\"@id\":\"https:\/\/akris-group-dev.mediapilote-laval.fr\/en\/#organization\"},\"potentialAction\":[{\"@type\":\"SearchAction\",\"target\":{\"@type\":\"EntryPoint\",\"urlTemplate\":\"https:\/\/akris-group-dev.mediapilote-laval.fr\/en\/?s={search_term_string}\"},\"query-input\":{\"@type\":\"PropertyValueSpecification\",\"valueRequired\":true,\"valueName\":\"search_term_string\"}}],\"inLanguage\":\"en-US\"},{\"@type\":\"Organization\",\"@id\":\"https:\/\/akris-group-dev.mediapilote-laval.fr\/en\/#organization\",\"name\":\"Akris Group\",\"url\":\"https:\/\/akris-group-dev.mediapilote-laval.fr\/en\/\",\"logo\":{\"@type\":\"ImageObject\",\"inLanguage\":\"en-US\",\"@id\":\"https:\/\/akris-group-dev.mediapilote-laval.fr\/en\/#\/schema\/logo\/image\/\",\"url\":\"https:\/\/akris-group-dev.mediapilote-laval.fr\/wp-content\/uploads\/2026\/03\/logo-akris-group-1.svg\",\"contentUrl\":\"https:\/\/akris-group-dev.mediapilote-laval.fr\/wp-content\/uploads\/2026\/03\/logo-akris-group-1.svg\",\"caption\":\"Akris Group\"},\"image\":{\"@id\":\"https:\/\/akris-group-dev.mediapilote-laval.fr\/en\/#\/schema\/logo\/image\/\"},\"sameAs\":[\"https:\/\/www.linkedin.com\/company\/akrisgroup\/about\/\"]}]}<\/script>\n<!-- \/ Yoast SEO plugin. -->","yoast_head_json":{"title":"Contact us for your machining projects | Akris Group","description":"Contactez AKRIS Group pour vos besoins en usinage de pr\u00e9cision. Nos experts vous accompagnent pour d\u00e9finir vos projets et \u00e9tablir un devis personnalis\u00e9.","robots":{"index":"noindex","follow":"follow","max-snippet":"max-snippet:-1","max-image-preview":"max-image-preview:large","max-video-preview":"max-video-preview:-1"},"og_locale":"en_US","og_type":"article","og_title":"Contact us for your machining projects | Akris Group","og_description":"Contactez AKRIS Group pour vos besoins en usinage de pr\u00e9cision. Nos experts vous accompagnent pour d\u00e9finir vos projets et \u00e9tablir un devis personnalis\u00e9.","og_url":"https:\/\/akris-group-dev.mediapilote-laval.fr\/en\/contact-us\/","og_site_name":"Akris Group","article_modified_time":"2026-03-25T16:25:07+00:00","twitter_card":"summary_large_image","schema":{"@context":"https:\/\/schema.org","@graph":[{"@type":"WebPage","@id":"https:\/\/akris-group-dev.mediapilote-laval.fr\/en\/contact-us\/","url":"https:\/\/akris-group-dev.mediapilote-laval.fr\/en\/contact-us\/","name":"Contact us for your machining projects | Akris Group","isPartOf":{"@id":"https:\/\/akris-group-dev.mediapilote-laval.fr\/en\/#website"},"datePublished":"2026-03-10T14:10:50+00:00","dateModified":"2026-03-25T16:25:07+00:00","description":"Contactez AKRIS Group pour vos besoins en usinage de pr\u00e9cision. Nos experts vous accompagnent pour d\u00e9finir vos projets et \u00e9tablir un devis personnalis\u00e9.","breadcrumb":{"@id":"https:\/\/akris-group-dev.mediapilote-laval.fr\/en\/contact-us\/#breadcrumb"},"inLanguage":"en-US","potentialAction":[{"@type":"ReadAction","target":["https:\/\/akris-group-dev.mediapilote-laval.fr\/en\/contact-us\/"]}]},{"@type":"BreadcrumbList","@id":"https:\/\/akris-group-dev.mediapilote-laval.fr\/en\/contact-us\/#breadcrumb","itemListElement":[{"@type":"ListItem","position":1,"name":"Akris Group","item":"https:\/\/akris-group-dev.mediapilote-laval.fr\/en\/"},{"@type":"ListItem","position":2,"name":"Contact us"}]},{"@type":"WebSite","@id":"https:\/\/akris-group-dev.mediapilote-laval.fr\/en\/#website","url":"https:\/\/akris-group-dev.mediapilote-laval.fr\/en\/","name":"Akris Group","description":"","publisher":{"@id":"https:\/\/akris-group-dev.mediapilote-laval.fr\/en\/#organization"},"potentialAction":[{"@type":"SearchAction","target":{"@type":"EntryPoint","urlTemplate":"https:\/\/akris-group-dev.mediapilote-laval.fr\/en\/?s={search_term_string}"},"query-input":{"@type":"PropertyValueSpecification","valueRequired":true,"valueName":"search_term_string"}}],"inLanguage":"en-US"},{"@type":"Organization","@id":"https:\/\/akris-group-dev.mediapilote-laval.fr\/en\/#organization","name":"Akris Group","url":"https:\/\/akris-group-dev.mediapilote-laval.fr\/en\/","logo":{"@type":"ImageObject","inLanguage":"en-US","@id":"https:\/\/akris-group-dev.mediapilote-laval.fr\/en\/#\/schema\/logo\/image\/","url":"https:\/\/akris-group-dev.mediapilote-laval.fr\/wp-content\/uploads\/2026\/03\/logo-akris-group-1.svg","contentUrl":"https:\/\/akris-group-dev.mediapilote-laval.fr\/wp-content\/uploads\/2026\/03\/logo-akris-group-1.svg","caption":"Akris Group"},"image":{"@id":"https:\/\/akris-group-dev.mediapilote-laval.fr\/en\/#\/schema\/logo\/image\/"},"sameAs":["https:\/\/www.linkedin.com\/company\/akrisgroup\/about\/"]}]}},"_links":{"self":[{"href":"https:\/\/akris-group-dev.mediapilote-laval.fr\/en\/wp-json\/wp\/v2\/pages\/595","targetHints":{"allow":["GET"]}}],"collection":[{"href":"https:\/\/akris-group-dev.mediapilote-laval.fr\/en\/wp-json\/wp\/v2\/pages"}],"about":[{"href":"https:\/\/akris-group-dev.mediapilote-laval.fr\/en\/wp-json\/wp\/v2\/types\/page"}],"author":[{"embeddable":true,"href":"https:\/\/akris-group-dev.mediapilote-laval.fr\/en\/wp-json\/wp\/v2\/users\/1"}],"replies":[{"embeddable":true,"href":"https:\/\/akris-group-dev.mediapilote-laval.fr\/en\/wp-json\/wp\/v2\/comments?post=595"}],"version-history":[{"count":2,"href":"https:\/\/akris-group-dev.mediapilote-laval.fr\/en\/wp-json\/wp\/v2\/pages\/595\/revisions"}],"predecessor-version":[{"id":749,"href":"https:\/\/akris-group-dev.mediapilote-laval.fr\/en\/wp-json\/wp\/v2\/pages\/595\/revisions\/749"}],"wp:attachment":[{"href":"https:\/\/akris-group-dev.mediapilote-laval.fr\/en\/wp-json\/wp\/v2\/media?parent=595"}],"curies":[{"name":"wp","href":"https:\/\/api.w.org\/{rel}","templated":true}]}}