{"id":547,"date":"2026-03-10T14:58:19","date_gmt":"2026-03-10T13:58:19","guid":{"rendered":"https:\/\/akris-group-dev.mediapilote-laval.fr\/our-brands\/"},"modified":"2026-03-25T17:25:07","modified_gmt":"2026-03-25T16:25:07","slug":"our-brands","status":"publish","type":"page","link":"https:\/\/akris-group-dev.mediapilote-laval.fr\/en\/our-brands\/","title":{"rendered":"Our brands"},"content":{"rendered":"<section class=\"page-header page-header--has-bg\" style=\"background: linear-gradient(8deg,#D2E3EB 12%,#D6C6E2 78%);\">\n\t<div class=\"page-header__inner\">\n\n\t\t\t\t\t<br \/>\n<b>Deprecated<\/b>:  ltrim(): Passing null to parameter #1 ($string) of type string is deprecated in <b>\/home\/dela2773\/public_html\/akris-group-dev\/wp-includes\/formatting.php<\/b> on line <b>4496<\/b><br \/>\n<p class=\"page-header__breadcrumb \"><span><span><a href=\"https:\/\/akris-group-dev.mediapilote-laval.fr\/en\/\">Akris Group<\/a><\/span><\/span><\/p>\t\t\n\t\t\t\t\t<h1 class=\"page-header__title\">Our brands<\/h1>\n\t\t\n\t\t\t\t\t<div class=\"page-header__box\">\n\t\t\t\t\t\t\t\t\t\t\t\t\t<p class=\"\">The AKRIS Group leverages an ecosystem of expert brands to meet the most complex industrial challenges. Each entity brings specific expertise, guaranteeing a customized solution in precision machining and technical tooling. Benefit from the combination of the responsiveness of our sites and the strength of an international group.  <\/p>\n\t\t\t\t\t\t\t<\/div>\n\t\t\n\t\t\n\t\t\n\t<\/div>\n<\/section>\n\n\n<section class=\"bloc-presentation\">\n    <div class=\"bloc-presentation__inner\">\n\n        \n                <div class=\"bloc-presentation__rows\">\n                        <div class=\"bloc-presentation__row\">\n\n                                <figure class=\"bloc-presentation__figure\">\n                    <img loading=\"lazy\" decoding=\"async\"\n                        src=\"https:\/\/akris-group-dev.mediapilote-laval.fr\/wp-content\/uploads\/2026\/03\/akris-usinage.webp\"\n                        alt=\"akris usinage\"\n                        width=\"1238\"\n                        height=\"825\"\n                    >\n                <\/figure>\n                \n                                <div class=\"bloc-presentation__content\">\n                    <h2 data-path-to-node=\"5\">Our areas of expertise<\/h2>\n<p data-path-to-node=\"6\">To meet the needs of the most demanding sectors, AKRIS Group structures its offering around four complementary areas of excellence. <b data-path-to-node=\"6\" data-index-in-node=\"132\"><a href=\"https:\/\/akris-group-dev.mediapilote-laval.fr\/en\/our-brands\/sumca\/\">SUMCA<\/a><\/b> has established itself as the leading brand dedicated to ultra-high-precision machining of critical components. For your versatile and reliable industrial machining needs, <a href=\"https:\/\/akris-group-dev.mediapilote-laval.fr\/en\/our-brands\/s3m\/\">S3M<\/a> delivers renowned operational agility. <\/p>\n<p data-path-to-node=\"6\">Expertise in industrial tooling technologies is embodied by the <b data-path-to-node=\"6\" data-index-in-node=\"437\"><a href=\"https:\/\/akris-group-dev.mediapilote-laval.fr\/en\/our-brands\/compaction-tool-service\/\">CTS<\/a><\/b> brand, guaranteeing high-performance compaction solutions. Finally, <b data-path-to-node=\"6\" data-index-in-node=\"504\"><a href=\"https:\/\/akris-group-dev.mediapilote-laval.fr\/en\/our-brands\/usicarb\/\">USICARB<\/a><\/b> specializes in machining hard and technical materials such as tungsten carbide. This synergy of skills allows us to support your projects from design to series production.  <\/p>\n                <\/div>\n                \n            <\/div>\n                    <\/div>\n        \n        \n    <\/div>\n<\/section>\n","protected":false},"excerpt":{"rendered":"","protected":false},"author":1,"featured_media":0,"parent":0,"menu_order":23,"comment_status":"closed","ping_status":"closed","template":"","meta":{"_acf_changed":false,"footnotes":""},"class_list":["post-547","page","type-page","status-publish","hentry"],"acf":[],"yoast_head":"<!-- This site is optimized with the Yoast SEO plugin v27.2 - https:\/\/yoast.com\/product\/yoast-seo-wordpress\/ -->\n<title>Expert brands in machining and tooling | Akris Group<\/title>\n<meta name=\"description\" content=\"Propulsez votre industrie avec l&#039;expertise AKRIS. D\u00e9couvrez nos marques sp\u00e9cialis\u00e9es en usinage de haute pr\u00e9cision et outillage pour composants critiques.\" \/>\n<meta name=\"robots\" content=\"noindex, follow, max-snippet:-1, max-image-preview:large, max-video-preview:-1\" \/>\n<meta property=\"og:locale\" content=\"en_US\" \/>\n<meta property=\"og:type\" content=\"article\" \/>\n<meta property=\"og:title\" content=\"Expert brands in machining and tooling | Akris Group\" \/>\n<meta property=\"og:description\" content=\"Propulsez votre industrie avec l&#039;expertise AKRIS. D\u00e9couvrez nos marques sp\u00e9cialis\u00e9es en usinage de haute pr\u00e9cision et outillage pour composants critiques.\" \/>\n<meta property=\"og:url\" content=\"https:\/\/akris-group-dev.mediapilote-laval.fr\/en\/our-brands\/\" \/>\n<meta property=\"og:site_name\" content=\"Akris Group\" \/>\n<meta property=\"article:modified_time\" content=\"2026-03-25T16:25:07+00:00\" \/>\n<meta name=\"twitter:card\" content=\"summary_large_image\" \/>\n<script type=\"application\/ld+json\" class=\"yoast-schema-graph\">{\"@context\":\"https:\/\/schema.org\",\"@graph\":[{\"@type\":\"WebPage\",\"@id\":\"https:\/\/akris-group-dev.mediapilote-laval.fr\/en\/our-brands\/\",\"url\":\"https:\/\/akris-group-dev.mediapilote-laval.fr\/en\/our-brands\/\",\"name\":\"Expert brands in machining and tooling | Akris Group\",\"isPartOf\":{\"@id\":\"https:\/\/akris-group-dev.mediapilote-laval.fr\/en\/#website\"},\"datePublished\":\"2026-03-10T13:58:19+00:00\",\"dateModified\":\"2026-03-25T16:25:07+00:00\",\"description\":\"Propulsez votre industrie avec l'expertise AKRIS. D\u00e9couvrez nos marques sp\u00e9cialis\u00e9es en usinage de haute pr\u00e9cision et outillage pour composants critiques.\",\"breadcrumb\":{\"@id\":\"https:\/\/akris-group-dev.mediapilote-laval.fr\/en\/our-brands\/#breadcrumb\"},\"inLanguage\":\"en-US\",\"potentialAction\":[{\"@type\":\"ReadAction\",\"target\":[\"https:\/\/akris-group-dev.mediapilote-laval.fr\/en\/our-brands\/\"]}]},{\"@type\":\"BreadcrumbList\",\"@id\":\"https:\/\/akris-group-dev.mediapilote-laval.fr\/en\/our-brands\/#breadcrumb\",\"itemListElement\":[{\"@type\":\"ListItem\",\"position\":1,\"name\":\"Akris Group\",\"item\":\"https:\/\/akris-group-dev.mediapilote-laval.fr\/en\/\"},{\"@type\":\"ListItem\",\"position\":2,\"name\":\"Our brands\"}]},{\"@type\":\"WebSite\",\"@id\":\"https:\/\/akris-group-dev.mediapilote-laval.fr\/en\/#website\",\"url\":\"https:\/\/akris-group-dev.mediapilote-laval.fr\/en\/\",\"name\":\"Akris Group\",\"description\":\"\",\"publisher\":{\"@id\":\"https:\/\/akris-group-dev.mediapilote-laval.fr\/en\/#organization\"},\"potentialAction\":[{\"@type\":\"SearchAction\",\"target\":{\"@type\":\"EntryPoint\",\"urlTemplate\":\"https:\/\/akris-group-dev.mediapilote-laval.fr\/en\/?s={search_term_string}\"},\"query-input\":{\"@type\":\"PropertyValueSpecification\",\"valueRequired\":true,\"valueName\":\"search_term_string\"}}],\"inLanguage\":\"en-US\"},{\"@type\":\"Organization\",\"@id\":\"https:\/\/akris-group-dev.mediapilote-laval.fr\/en\/#organization\",\"name\":\"Akris Group\",\"url\":\"https:\/\/akris-group-dev.mediapilote-laval.fr\/en\/\",\"logo\":{\"@type\":\"ImageObject\",\"inLanguage\":\"en-US\",\"@id\":\"https:\/\/akris-group-dev.mediapilote-laval.fr\/en\/#\/schema\/logo\/image\/\",\"url\":\"https:\/\/akris-group-dev.mediapilote-laval.fr\/wp-content\/uploads\/2026\/03\/logo-akris-group-1.svg\",\"contentUrl\":\"https:\/\/akris-group-dev.mediapilote-laval.fr\/wp-content\/uploads\/2026\/03\/logo-akris-group-1.svg\",\"caption\":\"Akris Group\"},\"image\":{\"@id\":\"https:\/\/akris-group-dev.mediapilote-laval.fr\/en\/#\/schema\/logo\/image\/\"},\"sameAs\":[\"https:\/\/www.linkedin.com\/company\/akrisgroup\/about\/\"]}]}<\/script>\n<!-- \/ Yoast SEO plugin. -->","yoast_head_json":{"title":"Expert brands in machining and tooling | Akris Group","description":"Propulsez votre industrie avec l'expertise AKRIS. D\u00e9couvrez nos marques sp\u00e9cialis\u00e9es en usinage de haute pr\u00e9cision et outillage pour composants critiques.","robots":{"index":"noindex","follow":"follow","max-snippet":"max-snippet:-1","max-image-preview":"max-image-preview:large","max-video-preview":"max-video-preview:-1"},"og_locale":"en_US","og_type":"article","og_title":"Expert brands in machining and tooling | Akris Group","og_description":"Propulsez votre industrie avec l'expertise AKRIS. D\u00e9couvrez nos marques sp\u00e9cialis\u00e9es en usinage de haute pr\u00e9cision et outillage pour composants critiques.","og_url":"https:\/\/akris-group-dev.mediapilote-laval.fr\/en\/our-brands\/","og_site_name":"Akris Group","article_modified_time":"2026-03-25T16:25:07+00:00","twitter_card":"summary_large_image","schema":{"@context":"https:\/\/schema.org","@graph":[{"@type":"WebPage","@id":"https:\/\/akris-group-dev.mediapilote-laval.fr\/en\/our-brands\/","url":"https:\/\/akris-group-dev.mediapilote-laval.fr\/en\/our-brands\/","name":"Expert brands in machining and tooling | Akris Group","isPartOf":{"@id":"https:\/\/akris-group-dev.mediapilote-laval.fr\/en\/#website"},"datePublished":"2026-03-10T13:58:19+00:00","dateModified":"2026-03-25T16:25:07+00:00","description":"Propulsez votre industrie avec l'expertise AKRIS. D\u00e9couvrez nos marques sp\u00e9cialis\u00e9es en usinage de haute pr\u00e9cision et outillage pour composants critiques.","breadcrumb":{"@id":"https:\/\/akris-group-dev.mediapilote-laval.fr\/en\/our-brands\/#breadcrumb"},"inLanguage":"en-US","potentialAction":[{"@type":"ReadAction","target":["https:\/\/akris-group-dev.mediapilote-laval.fr\/en\/our-brands\/"]}]},{"@type":"BreadcrumbList","@id":"https:\/\/akris-group-dev.mediapilote-laval.fr\/en\/our-brands\/#breadcrumb","itemListElement":[{"@type":"ListItem","position":1,"name":"Akris Group","item":"https:\/\/akris-group-dev.mediapilote-laval.fr\/en\/"},{"@type":"ListItem","position":2,"name":"Our brands"}]},{"@type":"WebSite","@id":"https:\/\/akris-group-dev.mediapilote-laval.fr\/en\/#website","url":"https:\/\/akris-group-dev.mediapilote-laval.fr\/en\/","name":"Akris Group","description":"","publisher":{"@id":"https:\/\/akris-group-dev.mediapilote-laval.fr\/en\/#organization"},"potentialAction":[{"@type":"SearchAction","target":{"@type":"EntryPoint","urlTemplate":"https:\/\/akris-group-dev.mediapilote-laval.fr\/en\/?s={search_term_string}"},"query-input":{"@type":"PropertyValueSpecification","valueRequired":true,"valueName":"search_term_string"}}],"inLanguage":"en-US"},{"@type":"Organization","@id":"https:\/\/akris-group-dev.mediapilote-laval.fr\/en\/#organization","name":"Akris Group","url":"https:\/\/akris-group-dev.mediapilote-laval.fr\/en\/","logo":{"@type":"ImageObject","inLanguage":"en-US","@id":"https:\/\/akris-group-dev.mediapilote-laval.fr\/en\/#\/schema\/logo\/image\/","url":"https:\/\/akris-group-dev.mediapilote-laval.fr\/wp-content\/uploads\/2026\/03\/logo-akris-group-1.svg","contentUrl":"https:\/\/akris-group-dev.mediapilote-laval.fr\/wp-content\/uploads\/2026\/03\/logo-akris-group-1.svg","caption":"Akris Group"},"image":{"@id":"https:\/\/akris-group-dev.mediapilote-laval.fr\/en\/#\/schema\/logo\/image\/"},"sameAs":["https:\/\/www.linkedin.com\/company\/akrisgroup\/about\/"]}]}},"_links":{"self":[{"href":"https:\/\/akris-group-dev.mediapilote-laval.fr\/en\/wp-json\/wp\/v2\/pages\/547","targetHints":{"allow":["GET"]}}],"collection":[{"href":"https:\/\/akris-group-dev.mediapilote-laval.fr\/en\/wp-json\/wp\/v2\/pages"}],"about":[{"href":"https:\/\/akris-group-dev.mediapilote-laval.fr\/en\/wp-json\/wp\/v2\/types\/page"}],"author":[{"embeddable":true,"href":"https:\/\/akris-group-dev.mediapilote-laval.fr\/en\/wp-json\/wp\/v2\/users\/1"}],"replies":[{"embeddable":true,"href":"https:\/\/akris-group-dev.mediapilote-laval.fr\/en\/wp-json\/wp\/v2\/comments?post=547"}],"version-history":[{"count":4,"href":"https:\/\/akris-group-dev.mediapilote-laval.fr\/en\/wp-json\/wp\/v2\/pages\/547\/revisions"}],"predecessor-version":[{"id":784,"href":"https:\/\/akris-group-dev.mediapilote-laval.fr\/en\/wp-json\/wp\/v2\/pages\/547\/revisions\/784"}],"wp:attachment":[{"href":"https:\/\/akris-group-dev.mediapilote-laval.fr\/en\/wp-json\/wp\/v2\/media?parent=547"}],"curies":[{"name":"wp","href":"https:\/\/api.w.org\/{rel}","templated":true}]}}